{"id":1420,"date":"2016-03-12T16:18:29","date_gmt":"2016-03-12T15:18:29","guid":{"rendered":"http:\/\/www.salzburg-power.at\/www\/?page_id=1420"},"modified":"2022-08-28T12:56:35","modified_gmt":"2022-08-28T10:56:35","slug":"impressum","status":"publish","type":"page","link":"https:\/\/www.salzburg-power.at\/?page_id=1420","title":{"rendered":"Impressum"},"content":{"rendered":"<section class=\"wpb-content-wrapper\"><p>[vc_row][vc_column width=&#8220;1\/1&#8243;][vc_column_text]<\/p>\n<h3><span style=\"color: #333333;\">Impressum und Offenlegung gem\u00e4\u00df \u00a7 25 Mediengesetz<\/span><\/h3>\n<p><span style=\"color: #333333;\"><strong>Firmenwortlaut<br \/>\n<\/strong>Salzburg Power<\/span><\/p>\n<p><span style=\"color: #333333;\"><strong>Rechtsform:\u00a0<\/strong>Gesellschaft b\u00fcrgerlichen Rechts (GbR)<\/span><\/p>\n<p><span style=\"color: #333333;\"><strong>Branche:\u00a0<\/strong>Kreative, k\u00fcnstlerische und unterhaltende T\u00e4tigkeiten<\/span><\/p>\n<p><span style=\"color: #333333;\"><strong>Steuernummer:<\/strong>\u00a0911493401<\/span><\/p>\n<p><span style=\"color: #333333;\"><strong>Firmensitz \/ Anschrift:<\/strong><\/span><br \/>\n<span style=\"color: #333333;\">Moosstra\u00dfe 113d<\/span><br \/>\n<span style=\"color: #333333;\"> A 5020 Salzburg<\/span><\/p>\n<p><span style=\"color: #333333;\"><strong>Kontaktdaten:<\/strong><\/span><br \/>\n<span style=\"color: #333333;\">Telefon: +43 676 4146812<\/span><br \/>\n<span style=\"color: #333333;\">Mail: <a style=\"color: #333333;\" href=\"mailto:info@salzburg-power.at\">info@salzburg-power.at<\/a><\/span><\/p>\n<h3><span style=\"color: #333333;\">Verwendung von Logos und Marken<\/span><\/h3>\n<p><span style=\"color: #333333;\">Der Inhalt dieser Website ist, sofern nicht anders gekennzeichnet, Eigentum der Salzburg Power GbR (inkl. verbundener\u00a0Unternehmen). Die Verwendung von Marken dieser Website (inkl. Markennamen, Designvorlagen, Logos, Schriftz\u00fcge, Dienstleistungsmarken etc.) der Salzburg Power GbR und verbundener\u00a0Unternehmen ist nur nach vorheriger schriftlicher Genehmigung gestattet. Bei Zuwiderhandlungen beh\u00e4lt sich die Salzburg Power GbR rechtliche Schritte vor.<\/span><\/p>\n<p><span style=\"color: #333333;\"><strong>Konzeption, Design &amp; Programmierung<\/strong><\/span><br \/>\n<span style=\"color: #333333;\"> Salzburg Power GbR<\/span><br \/>\n<span style=\"color: #333333;\"> Moosstra\u00dfe 113d<\/span><br \/>\n<span style=\"color: #333333;\"> 5020 Salzburg<\/span><\/p>\n<p><span style=\"color: #333333;\"><strong>Gew\u00e4hr<\/strong><strong><br \/>\n<\/strong>Die Salzburg Power GbR \u00fcbernimmt keine Gew\u00e4hr f\u00fcr die auf dieser Website zur Verf\u00fcgung gestellten Informationen. Bei Angaben von Zahlen, Daten, Preisen etc. sind Irrt\u00fcmer und Schreibfehler vorbehalten. Die Salzburg Power GbR beh\u00e4lt sich vor, \u00c4nderungen oder Erg\u00e4nzungen der bereitgestellten Informationen ohne vorherige Ank\u00fcndigung vorzunehmen.<\/span><\/p>\n<p><span style=\"color: #333333;\"><strong>Links<\/strong><\/span><br \/>\n<span style=\"color: #333333;\">Direkte oder indirekte Weiterleitungen auf Webseiten anderer Anbieter (&#8222;externe Links&#8220;): Die Salzburg Power GbR \u00fcbernimmt keine Gew\u00e4hr f\u00fcr Verf\u00fcgbarkeit, Qualit\u00e4t und Inhalte jener Webseiten.<\/span><\/p>\n<p><span style=\"color: #333333;\"><strong>Geschlechtsneutrale Formulierung<\/strong><\/span><br \/>\n<span style=\"color: #333333;\">Auf das Hinzuf\u00fcgen der jeweiligen weiblichen Formulierungen wurde bei geschlechtsspezifischen Hinweisen im Sinne der fl\u00fcssigen Lesbarkeit verzichtet. Alle personalen Begriffe sind sinngem\u00e4\u00df geschlechtsneutral, also weiblich und m\u00e4nnlich, zu lesen.<\/span><\/p>\n<p><span style=\"color: #333333;\"><strong>Bildrechte:<\/strong><\/span><br \/>\n<span style=\"color: #333333;\"> \u00a9 Salzburg Power<\/span><br \/>\n<span style=\"color: #333333;\"> \u00a9 L\u00e9 Gensch Photography<\/span><\/p>\n<p><span style=\"color: #333333;\">&#8212; Hyperlinks Referenzen &#8212;<\/span><br \/>\n<span style=\"color: #333333;\"> \u00a9 DerFritz \/\/\u00a0\u00a9 Schloss Leopoldskron \/\/\u00a0\u00a9 Schloss Hellbrunn \/\/\u00a0\u00a9 Festung Kufstein \/\/\u00a0\u00a9 Hubertushof Anif \/\/\u00a0\u00a9 Schloss Mondsee \/\/\u00a0\u00a9 K\u00f6niggut Wals \/\/\u00a0\u00a9 Hotel Bristol Salzburg \/\/\u00a0\u00a9 Stieglbrauerei zu Salzburg \/\/\u00a0\u00a9 Reiteralm Ainring \/\/\u00a0\u00a9 Kirchenwirt Puch \/\/\u00a0\u00a9 Stieglkeller Salzburg \/\/\u00a0\u00a9 Schloss Mittersill \/\/\u00a0\u00a9 Schloss Prielau \/\/\u00a0\u00a9 Ebner&#8217;s Waldhof am See Fuschl \/\/\u00a0\u00a9 Travel Charme Resort Werfenweng \/\/\u00a0\u00a9 Parkhotel Billroth \/\/\u00a0\u00a9 Gasthof Schorn \/\/\u00a0\u00a9 Ferry Porsche Congress Center Zell am See \/\/\u00a0\u00a9 Hotel Imlauer The Pitter\u00a0 \/\/\u00a0\u00a9 Salzburg Congress \/\/\u00a0\u00a9 Der Unterschwarzachhof \/\/\u00a0\u00a9 Das Winterstellgut \/\/\u00a0\u00a9 Hotel Metzgerwirt St Veit \/\/\u00a0\u00a9 Baghuset Ballerup<\/span><\/p>\n<p>Salzburg Power GbR<br \/>Gesch\u00e4ftsf\u00fchrer: &#8211;<br \/>Moosstra\u00dfe 113d<br \/>5020 Salzburg<br \/>\u00d6sterreich<br \/>Email: <a href=\"mailto:info@salzburg-power.at\">info@salzburg-power.at<\/a><br \/>Telefon: +436764146812<br \/>Gesellschafter: &#8211;<br \/>Registergericht &amp; Registernummer: Salzburg, \u00d6sterreich &#8211;<br \/>Umsatzsteuer-Identifikationsnummer: &#8211;<\/p>\n<p>Verantwortlich f\u00fcr den Inhalt: Salzburg Power GbR<\/p>\n<p>Plattform der Europ&auml;ischen Kommission zur Online-Streitbeilegung (OS) f&uuml;r Verbraucher: <a href=\"https:\/\/ec.europa.eu\/consumers\/odr\/\" target=\"_blank\">https:\/\/ec.europa.eu\/consumers\/odr\/<\/a>. Wir sind nicht bereit und nicht verpflichtet an einem Streitbeilegungsverfahren vor einer Verbraucherschlichtungsstelle teilzunehmen.<\/p>\n\n<p>&nbsp;<\/p>\n<p>&nbsp;<\/p>\n<p>&nbsp;<\/p>\n<p>&nbsp;<\/p>\n<p>&nbsp;<\/p>\n<p>[\/vc_column_text][\/vc_column][\/vc_row]<\/p>\n<\/section>","protected":false},"excerpt":{"rendered":"<p>[vc_row][vc_column width=&#8220;1\/1&#8243;][vc_column_text] Impressum und Offenlegung gem\u00e4\u00df \u00a7 25 Mediengesetz Firmenwortlaut Salzburg Power Rechtsform:\u00a0Gesellschaft b\u00fcrgerlichen Rechts (GbR) Branche:\u00a0Kreative, k\u00fcnstlerische und unterhaltende [&hellip;]<\/p>\n","protected":false},"author":1,"featured_media":0,"parent":0,"menu_order":3,"comment_status":"closed","ping_status":"closed","template":"","meta":{"footnotes":""},"class_list":["post-1420","page","type-page","status-publish","hentry"],"aioseo_notices":[],"_links":{"self":[{"href":"https:\/\/www.salzburg-power.at\/index.php?rest_route=\/wp\/v2\/pages\/1420","targetHints":{"allow":["GET"]}}],"collection":[{"href":"https:\/\/www.salzburg-power.at\/index.php?rest_route=\/wp\/v2\/pages"}],"about":[{"href":"https:\/\/www.salzburg-power.at\/index.php?rest_route=\/wp\/v2\/types\/page"}],"author":[{"embeddable":true,"href":"https:\/\/www.salzburg-power.at\/index.php?rest_route=\/wp\/v2\/users\/1"}],"replies":[{"embeddable":true,"href":"https:\/\/www.salzburg-power.at\/index.php?rest_route=%2Fwp%2Fv2%2Fcomments&post=1420"}],"version-history":[{"count":23,"href":"https:\/\/www.salzburg-power.at\/index.php?rest_route=\/wp\/v2\/pages\/1420\/revisions"}],"predecessor-version":[{"id":2385,"href":"https:\/\/www.salzburg-power.at\/index.php?rest_route=\/wp\/v2\/pages\/1420\/revisions\/2385"}],"wp:attachment":[{"href":"https:\/\/www.salzburg-power.at\/index.php?rest_route=%2Fwp%2Fv2%2Fmedia&parent=1420"}],"curies":[{"name":"wp","href":"https:\/\/api.w.org\/{rel}","templated":true}]}}